{"id":15,"date":"2021-12-29T13:41:03","date_gmt":"2021-12-29T12:41:03","guid":{"rendered":"https:\/\/fritidsbriller-no.northernlightsofnorway.no\/?post_type=product&#038;p=15"},"modified":"2021-12-29T14:27:59","modified_gmt":"2021-12-29T13:27:59","slug":"sportsbriller-med-silver-mirror-linse-i-polykarbonat","status":"publish","type":"product","link":"https:\/\/fritidsbriller-no.northernlightsofnorway.no\/index.php\/produkt\/sportsbriller-med-silver-mirror-linse-i-polykarbonat\/","title":{"rendered":"Sportsbriller med silver mirror linse i polykarbonat"},"content":{"rendered":"<p>Vekt: 28 gram<\/p>\n<p>St\u00f8rrelse: Voksen standard st\u00f8rrelse<\/p>\n<p>Rammebredde: 142 mm<\/p>\n<p>Stanglengde: 116 mm<\/p>\n<p>Bredde p\u00e5 nesepute: 17 mm<\/p>\n<p>Linseh\u00f8yde: 40 mm<\/p>\n<p>Ramme materiell: Polykarbonat<\/p>\n<p>Rammefarge: Sort<\/p>\n<p>Linse materiell: Polykarbonat<\/p>\n<p>Linsefarge: Gra linse med silver mirror coating<\/p>\n<p>UV 400nm \u2013 100 % beskyttelse mot UV-str\u00e5ling A,B,C<\/p>\n<p>CE merket: EN ISO 12312<\/p>\n","protected":false},"excerpt":{"rendered":"<p>Lett og behagelig sportsbrille med sort ramme og gr\u00e5 linse med silver mirror coating i polykarbonat.<\/p>\n","protected":false},"featured_media":21,"comment_status":"open","ping_status":"closed","template":"","meta":[],"product_cat":[17],"product_tag":[],"class_list":["post-15","product","type-product","status-publish","has-post-thumbnail","hentry","product_cat-sportsbriller"],"yoast_head":"<!-- This site is optimized with the Yoast SEO plugin v17.8 - https:\/\/yoast.com\/wordpress\/plugins\/seo\/ -->\n<title>Sportsbriller med silver mirror linse i polykarbonat - Fritidsbriller<\/title>\n<meta name=\"description\" content=\"Lett og behagelig sportsbrille med sort ramme og gr\u00e5 linse med silver mirror coating i polykarbonat. Gr\u00f8nn markering p\u00e5 enden av stengene.\" \/>\n<meta name=\"robots\" content=\"index, follow, max-snippet:-1, max-image-preview:large, max-video-preview:-1\" \/>\n<link rel=\"canonical\" href=\"https:\/\/fritidsbriller-no.northernlightsofnorway.no\/index.php\/produkt\/sportsbriller-med-silver-mirror-linse-i-polykarbonat\/\" \/>\n<meta property=\"og:locale\" content=\"nb_NO\" \/>\n<meta property=\"og:type\" content=\"article\" \/>\n<meta property=\"og:title\" content=\"Sportsbriller med silver mirror linse i polykarbonat - Fritidsbriller\" \/>\n<meta property=\"og:description\" content=\"Lett og behagelig sportsbrille med sort ramme og gr\u00e5 linse med silver mirror coating i polykarbonat. Gr\u00f8nn markering p\u00e5 enden av stengene.\" \/>\n<meta property=\"og:url\" content=\"https:\/\/fritidsbriller-no.northernlightsofnorway.no\/index.php\/produkt\/sportsbriller-med-silver-mirror-linse-i-polykarbonat\/\" \/>\n<meta property=\"og:site_name\" content=\"Fritidsbriller\" \/>\n<meta property=\"article:modified_time\" content=\"2021-12-29T13:27:59+00:00\" \/>\n<meta property=\"og:image\" content=\"https:\/\/fritidsbriller-no.northernlightsofnorway.no\/wp-content\/uploads\/2021\/12\/12-Black-green-frame-B-3497A-scaled-1.jpg\" \/>\n\t<meta property=\"og:image:width\" content=\"2560\" \/>\n\t<meta property=\"og:image:height\" content=\"1707\" \/>\n<meta name=\"twitter:card\" content=\"summary_large_image\" \/>\n<meta name=\"twitter:label1\" content=\"Ansl. lesetid\" \/>\n\t<meta name=\"twitter:data1\" content=\"1 minutt\" \/>\n<script type=\"application\/ld+json\" class=\"yoast-schema-graph\">{\"@context\":\"https:\/\/schema.org\",\"@graph\":[{\"@type\":\"WebSite\",\"@id\":\"https:\/\/fritidsbriller-no.northernlightsofnorway.no\/#website\",\"url\":\"https:\/\/fritidsbriller-no.northernlightsofnorway.no\/\",\"name\":\"Fritidsbriller\",\"description\":\"Bare enda et WordPress-nettsted\",\"potentialAction\":[{\"@type\":\"SearchAction\",\"target\":{\"@type\":\"EntryPoint\",\"urlTemplate\":\"https:\/\/fritidsbriller-no.northernlightsofnorway.no\/?s={search_term_string}\"},\"query-input\":\"required name=search_term_string\"}],\"inLanguage\":\"nb-NO\"},{\"@type\":\"ImageObject\",\"@id\":\"https:\/\/fritidsbriller-no.northernlightsofnorway.no\/index.php\/produkt\/sportsbriller-med-silver-mirror-linse-i-polykarbonat\/#primaryimage\",\"inLanguage\":\"nb-NO\",\"url\":\"https:\/\/fritidsbriller-no.northernlightsofnorway.no\/wp-content\/uploads\/2021\/12\/12-Black-green-frame-B-3497A-scaled-1.jpg\",\"contentUrl\":\"https:\/\/fritidsbriller-no.northernlightsofnorway.no\/wp-content\/uploads\/2021\/12\/12-Black-green-frame-B-3497A-scaled-1.jpg\",\"width\":2560,\"height\":1707},{\"@type\":\"WebPage\",\"@id\":\"https:\/\/fritidsbriller-no.northernlightsofnorway.no\/index.php\/produkt\/sportsbriller-med-silver-mirror-linse-i-polykarbonat\/#webpage\",\"url\":\"https:\/\/fritidsbriller-no.northernlightsofnorway.no\/index.php\/produkt\/sportsbriller-med-silver-mirror-linse-i-polykarbonat\/\",\"name\":\"Sportsbriller med silver mirror linse i polykarbonat - Fritidsbriller\",\"isPartOf\":{\"@id\":\"https:\/\/fritidsbriller-no.northernlightsofnorway.no\/#website\"},\"primaryImageOfPage\":{\"@id\":\"https:\/\/fritidsbriller-no.northernlightsofnorway.no\/index.php\/produkt\/sportsbriller-med-silver-mirror-linse-i-polykarbonat\/#primaryimage\"},\"datePublished\":\"2021-12-29T12:41:03+00:00\",\"dateModified\":\"2021-12-29T13:27:59+00:00\",\"description\":\"Lett og behagelig sportsbrille med sort ramme og gr\\u00e5 linse med silver mirror coating i polykarbonat. Gr\\u00f8nn markering p\\u00e5 enden av stengene.\",\"breadcrumb\":{\"@id\":\"https:\/\/fritidsbriller-no.northernlightsofnorway.no\/index.php\/produkt\/sportsbriller-med-silver-mirror-linse-i-polykarbonat\/#breadcrumb\"},\"inLanguage\":\"nb-NO\",\"potentialAction\":[{\"@type\":\"ReadAction\",\"target\":[\"https:\/\/fritidsbriller-no.northernlightsofnorway.no\/index.php\/produkt\/sportsbriller-med-silver-mirror-linse-i-polykarbonat\/\"]}]},{\"@type\":\"BreadcrumbList\",\"@id\":\"https:\/\/fritidsbriller-no.northernlightsofnorway.no\/index.php\/produkt\/sportsbriller-med-silver-mirror-linse-i-polykarbonat\/#breadcrumb\",\"itemListElement\":[{\"@type\":\"ListItem\",\"position\":1,\"name\":\"Hjem\",\"item\":\"https:\/\/fritidsbriller-no.northernlightsofnorway.no\/\"},{\"@type\":\"ListItem\",\"position\":2,\"name\":\"Butikk\",\"item\":\"https:\/\/fritidsbriller-no.northernlightsofnorway.no\/index.php\/butikk\/\"},{\"@type\":\"ListItem\",\"position\":3,\"name\":\"Sportsbriller med silver mirror linse i polykarbonat\"}]}]}<\/script>\n<!-- \/ Yoast SEO plugin. -->","yoast_head_json":{"title":"Sportsbriller med silver mirror linse i polykarbonat - Fritidsbriller","description":"Lett og behagelig sportsbrille med sort ramme og gr\u00e5 linse med silver mirror coating i polykarbonat. Gr\u00f8nn markering p\u00e5 enden av stengene.","robots":{"index":"index","follow":"follow","max-snippet":"max-snippet:-1","max-image-preview":"max-image-preview:large","max-video-preview":"max-video-preview:-1"},"canonical":"https:\/\/fritidsbriller-no.northernlightsofnorway.no\/index.php\/produkt\/sportsbriller-med-silver-mirror-linse-i-polykarbonat\/","og_locale":"nb_NO","og_type":"article","og_title":"Sportsbriller med silver mirror linse i polykarbonat - Fritidsbriller","og_description":"Lett og behagelig sportsbrille med sort ramme og gr\u00e5 linse med silver mirror coating i polykarbonat. Gr\u00f8nn markering p\u00e5 enden av stengene.","og_url":"https:\/\/fritidsbriller-no.northernlightsofnorway.no\/index.php\/produkt\/sportsbriller-med-silver-mirror-linse-i-polykarbonat\/","og_site_name":"Fritidsbriller","article_modified_time":"2021-12-29T13:27:59+00:00","og_image":[{"width":2560,"height":1707,"url":"https:\/\/fritidsbriller-no.northernlightsofnorway.no\/wp-content\/uploads\/2021\/12\/12-Black-green-frame-B-3497A-scaled-1.jpg","type":"image\/jpeg"}],"twitter_card":"summary_large_image","twitter_misc":{"Ansl. lesetid":"1 minutt"},"schema":{"@context":"https:\/\/schema.org","@graph":[{"@type":"WebSite","@id":"https:\/\/fritidsbriller-no.northernlightsofnorway.no\/#website","url":"https:\/\/fritidsbriller-no.northernlightsofnorway.no\/","name":"Fritidsbriller","description":"Bare enda et WordPress-nettsted","potentialAction":[{"@type":"SearchAction","target":{"@type":"EntryPoint","urlTemplate":"https:\/\/fritidsbriller-no.northernlightsofnorway.no\/?s={search_term_string}"},"query-input":"required name=search_term_string"}],"inLanguage":"nb-NO"},{"@type":"ImageObject","@id":"https:\/\/fritidsbriller-no.northernlightsofnorway.no\/index.php\/produkt\/sportsbriller-med-silver-mirror-linse-i-polykarbonat\/#primaryimage","inLanguage":"nb-NO","url":"https:\/\/fritidsbriller-no.northernlightsofnorway.no\/wp-content\/uploads\/2021\/12\/12-Black-green-frame-B-3497A-scaled-1.jpg","contentUrl":"https:\/\/fritidsbriller-no.northernlightsofnorway.no\/wp-content\/uploads\/2021\/12\/12-Black-green-frame-B-3497A-scaled-1.jpg","width":2560,"height":1707},{"@type":"WebPage","@id":"https:\/\/fritidsbriller-no.northernlightsofnorway.no\/index.php\/produkt\/sportsbriller-med-silver-mirror-linse-i-polykarbonat\/#webpage","url":"https:\/\/fritidsbriller-no.northernlightsofnorway.no\/index.php\/produkt\/sportsbriller-med-silver-mirror-linse-i-polykarbonat\/","name":"Sportsbriller med silver mirror linse i polykarbonat - Fritidsbriller","isPartOf":{"@id":"https:\/\/fritidsbriller-no.northernlightsofnorway.no\/#website"},"primaryImageOfPage":{"@id":"https:\/\/fritidsbriller-no.northernlightsofnorway.no\/index.php\/produkt\/sportsbriller-med-silver-mirror-linse-i-polykarbonat\/#primaryimage"},"datePublished":"2021-12-29T12:41:03+00:00","dateModified":"2021-12-29T13:27:59+00:00","description":"Lett og behagelig sportsbrille med sort ramme og gr\u00e5 linse med silver mirror coating i polykarbonat. Gr\u00f8nn markering p\u00e5 enden av stengene.","breadcrumb":{"@id":"https:\/\/fritidsbriller-no.northernlightsofnorway.no\/index.php\/produkt\/sportsbriller-med-silver-mirror-linse-i-polykarbonat\/#breadcrumb"},"inLanguage":"nb-NO","potentialAction":[{"@type":"ReadAction","target":["https:\/\/fritidsbriller-no.northernlightsofnorway.no\/index.php\/produkt\/sportsbriller-med-silver-mirror-linse-i-polykarbonat\/"]}]},{"@type":"BreadcrumbList","@id":"https:\/\/fritidsbriller-no.northernlightsofnorway.no\/index.php\/produkt\/sportsbriller-med-silver-mirror-linse-i-polykarbonat\/#breadcrumb","itemListElement":[{"@type":"ListItem","position":1,"name":"Hjem","item":"https:\/\/fritidsbriller-no.northernlightsofnorway.no\/"},{"@type":"ListItem","position":2,"name":"Butikk","item":"https:\/\/fritidsbriller-no.northernlightsofnorway.no\/index.php\/butikk\/"},{"@type":"ListItem","position":3,"name":"Sportsbriller med silver mirror linse i polykarbonat"}]}]}},"_links":{"self":[{"href":"https:\/\/fritidsbriller-no.northernlightsofnorway.no\/index.php\/wp-json\/wp\/v2\/product\/15","targetHints":{"allow":["GET"]}}],"collection":[{"href":"https:\/\/fritidsbriller-no.northernlightsofnorway.no\/index.php\/wp-json\/wp\/v2\/product"}],"about":[{"href":"https:\/\/fritidsbriller-no.northernlightsofnorway.no\/index.php\/wp-json\/wp\/v2\/types\/product"}],"replies":[{"embeddable":true,"href":"https:\/\/fritidsbriller-no.northernlightsofnorway.no\/index.php\/wp-json\/wp\/v2\/comments?post=15"}],"wp:featuredmedia":[{"embeddable":true,"href":"https:\/\/fritidsbriller-no.northernlightsofnorway.no\/index.php\/wp-json\/wp\/v2\/media\/21"}],"wp:attachment":[{"href":"https:\/\/fritidsbriller-no.northernlightsofnorway.no\/index.php\/wp-json\/wp\/v2\/media?parent=15"}],"wp:term":[{"taxonomy":"product_cat","embeddable":true,"href":"https:\/\/fritidsbriller-no.northernlightsofnorway.no\/index.php\/wp-json\/wp\/v2\/product_cat?post=15"},{"taxonomy":"product_tag","embeddable":true,"href":"https:\/\/fritidsbriller-no.northernlightsofnorway.no\/index.php\/wp-json\/wp\/v2\/product_tag?post=15"}],"curies":[{"name":"wp","href":"https:\/\/api.w.org\/{rel}","templated":true}]}}